{"id":128,"date":"2022-08-21T17:25:45","date_gmt":"2022-08-21T15:25:45","guid":{"rendered":"https:\/\/www.interaktivni-formulare.cz\/mevakvr\/?page_id=128"},"modified":"2022-11-26T11:40:54","modified_gmt":"2022-11-26T10:40:54","slug":"navsteva-nasich-vodarenskych-objektu-exkurze","status":"publish","type":"page","link":"https:\/\/www.interaktivni-formulare.cz\/mevakvr\/navsteva-nasich-vodarenskych-objektu-exkurze\/","title":{"rendered":"N\u00e1v\u0161t\u011bva na\u0161ich vod\u00e1rensk\u00fdch objekt\u016f (exkurze)"},"content":{"rendered":"\n<div class=\"wp-block-contact-form-7-contact-form-selector\">\n<div class=\"wpcf7 no-js\" id=\"wpcf7-f130-o1\" lang=\"cs-CZ\" dir=\"ltr\" data-wpcf7-id=\"130\">\n<div class=\"screen-reader-response\"><p role=\"status\" aria-live=\"polite\" aria-atomic=\"true\"><\/p> <ul><\/ul><\/div>\n<form action=\"\/mevakvr\/wp-json\/wp\/v2\/pages\/128#wpcf7-f130-o1\" method=\"post\" class=\"wpcf7-form init\" aria-label=\"Kontaktn\u00ed formul\u00e1\u0159\" novalidate=\"novalidate\" data-status=\"init\">\n<fieldset class=\"hidden-fields-container\"><input type=\"hidden\" name=\"_wpcf7\" value=\"130\" \/><input type=\"hidden\" name=\"_wpcf7_version\" value=\"6.1.5\" \/><input type=\"hidden\" name=\"_wpcf7_locale\" value=\"cs_CZ\" \/><input type=\"hidden\" name=\"_wpcf7_unit_tag\" value=\"wpcf7-f130-o1\" \/><input type=\"hidden\" name=\"_wpcf7_container_post\" value=\"0\" \/><input type=\"hidden\" name=\"_wpcf7_posted_data_hash\" value=\"\" \/><input type=\"hidden\" name=\"_wpcf7cf_hidden_group_fields\" value=\"[]\" \/><input type=\"hidden\" name=\"_wpcf7cf_hidden_groups\" value=\"[]\" \/><input type=\"hidden\" name=\"_wpcf7cf_visible_groups\" value=\"[]\" \/><input type=\"hidden\" name=\"_wpcf7cf_repeaters\" value=\"[]\" \/><input type=\"hidden\" name=\"_wpcf7cf_steps\" value=\"{}\" \/><input type=\"hidden\" name=\"_wpcf7cf_options\" value=\"{&quot;form_id&quot;:130,&quot;conditions&quot;:[],&quot;settings&quot;:{&quot;animation&quot;:&quot;yes&quot;,&quot;animation_intime&quot;:200,&quot;animation_outtime&quot;:200,&quot;conditions_ui&quot;:&quot;normal&quot;,&quot;notice_dismissed&quot;:true}}\" \/>\n<\/fieldset>\n<div class=\"wpcf7-turnstile cf-turnstile\" data-sitekey=\"0x4AAAAAACuHYMOHG8zefOXx\" data-response-field-name=\"_wpcf7_turnstile_response\"><\/div>\n\n<div class=\"block_kontakt\">\n\n<div class=\"col-xs-12\"><h3>Pov\u011b\u0159en\u00fd z\u00e1stupce extern\u00ed osoby \/ subjektu<\/h3><\/div>\n\n<div class=\"col-xs-12 col-sm-6 contact_item\">\n<label>Jm\u00e9no a p\u0159\u00edjmen\u00ed \/ Organizace: <span class=\"znak\">*<\/span>\n    <span class=\"wpcf7-form-control-wrap\" data-name=\"jmeno_a_prijmeni\"><input size=\"40\" maxlength=\"400\" class=\"wpcf7-form-control wpcf7-text wpcf7-validates-as-required\" aria-required=\"true\" aria-invalid=\"false\" value=\"\" type=\"text\" name=\"jmeno_a_prijmeni\" \/><\/span> <\/label>\n<\/div>\n    \n<div class=\"col-xs-12 col-sm-6 contact_item\">\n<label>Adresa: <span class=\"znak\">*<\/span>\n    <span class=\"wpcf7-form-control-wrap\" data-name=\"adresa\"><input size=\"40\" maxlength=\"400\" class=\"wpcf7-form-control wpcf7-text wpcf7-validates-as-required\" aria-required=\"true\" aria-invalid=\"false\" value=\"\" type=\"text\" name=\"adresa\" \/><\/span> <\/label>\n<\/div>\n    \n<div class=\"col-xs-12 col-sm-6 contact_item\">\n<label>Kontaktn\u00ed osoba: <span class=\"znak\">*<\/span>\n    <span class=\"wpcf7-form-control-wrap\" data-name=\"kontaktni_osoba\"><input size=\"40\" maxlength=\"400\" class=\"wpcf7-form-control wpcf7-text wpcf7-validates-as-required\" aria-required=\"true\" aria-invalid=\"false\" value=\"\" type=\"text\" name=\"kontaktni_osoba\" \/><\/span> <\/label>\n<\/div>\n\n<div class=\"col-xs-12 col-sm-6 contact_item\">\n<label>E-mail:\n    <span class=\"wpcf7-form-control-wrap\" data-name=\"email\"><input size=\"40\" maxlength=\"400\" class=\"wpcf7-form-control wpcf7-email wpcf7-text wpcf7-validates-as-email\" aria-invalid=\"false\" value=\"\" type=\"email\" name=\"email\" \/><\/span> <\/label>\n<\/div>\n\n<div class=\"col-xs-12 col-sm-3 contact_item\">\n<label>Telefon: <span class=\"znak\">*<\/span>\n    <span class=\"wpcf7-form-control-wrap\" data-name=\"telefon\"><input size=\"40\" maxlength=\"400\" class=\"wpcf7-form-control wpcf7-tel wpcf7-validates-as-required wpcf7-text wpcf7-validates-as-tel\" aria-required=\"true\" aria-invalid=\"false\" value=\"\" type=\"tel\" name=\"telefon\" \/><\/span> <\/label>\n<\/div> \n\n<div class=\"col-xs-12 col-sm-3 contact_item\">\n<label>I\u010cO \/ DI\u010c:\n    <span class=\"wpcf7-form-control-wrap\" data-name=\"ico_dic\"><input size=\"40\" maxlength=\"400\" class=\"wpcf7-form-control wpcf7-text\" aria-invalid=\"false\" value=\"\" type=\"text\" name=\"ico_dic\" \/><\/span> <\/label>\n<\/div>\n    \n<div class=\"col-xs-12 col-sm-6 contact_item\">\n<label>Nav\u0161t\u011bvovan\u00fd objekt, prostor \u010di za\u0159\u00edzen\u00ed organizace: <span class=\"znak\">*<\/span>\n    <span class=\"wpcf7-form-control-wrap\" data-name=\"objekt\"><input size=\"40\" maxlength=\"400\" class=\"wpcf7-form-control wpcf7-text wpcf7-validates-as-required\" aria-required=\"true\" aria-invalid=\"false\" value=\"\" type=\"text\" name=\"objekt\" \/><\/span> <\/label>\n<\/div>\n    \n<div class=\"col-xs-12 col-sm-6 col-lg-3 contact_item\">\n<label>Po\u010det extern\u00edch osob: <span class=\"znak\">*<\/span>\n    <span class=\"wpcf7-form-control-wrap\" data-name=\"pocet_osob\"><input class=\"wpcf7-form-control wpcf7-number wpcf7-validates-as-required wpcf7-validates-as-number\" min=\"0\" aria-required=\"true\" aria-invalid=\"false\" value=\"\" type=\"number\" name=\"pocet_osob\" \/><\/span> <\/label>\n<\/div>\n    \n<div class=\"col-xs-12 col-sm-6 contact_item\">\n<label>Nejvhodn\u011bj\u0161\u00ed term\u00edn (vy\u010dkejte na potvrzen\u00ed): <span class=\"znak\">*<\/span>\n    <span class=\"wpcf7-form-control-wrap\" data-name=\"datum\"><input class=\"wpcf7-form-control wpcf7-date wpcf7-validates-as-required wpcf7-validates-as-date\" min=\"2022-08-01\" aria-required=\"true\" aria-invalid=\"false\" value=\"\" type=\"date\" name=\"datum\" \/><\/span> <\/label> \n<\/div>\n    \n<\/div>\n\n<div class=\"block_kontakt\">\n\n<div class=\"col-xs-12 contact_item_textarea\">\n<label>Pozn\u00e1mky:\n    <span class=\"wpcf7-form-control-wrap\" data-name=\"poznamky\"><textarea cols=\"40\" rows=\"10\" maxlength=\"2000\" class=\"wpcf7-form-control wpcf7-textarea\" aria-invalid=\"false\" name=\"poznamky\"><\/textarea><\/span> <\/label>\n<\/div>\n    \n<\/div>\n\n<div class=\"col-xs-12\">\n        <div class=\"wpcf7-response-output\" aria-hidden=\"true\"><\/div>\n<\/div>\n\n<div class=\"col-xs-12 contact_item\">\n    <div class=\"flexpotvrzeni\"><span class=\"wpcf7-form-control-wrap\" data-name=\"bezpecnost\"><span class=\"wpcf7-form-control wpcf7-acceptance\"><span class=\"wpcf7-list-item\"><label><input type=\"checkbox\" name=\"bezpecnost\" value=\"1\" aria-invalid=\"false\" \/><span class=\"wpcf7-list-item-label\">Prohla\u0161ujeme, \u017ee jsme pou\u010deni o bezpe\u010dnostn\u00edch rizic\u00edch p\u0159i vstupu extern\u00edch osob za \u00fa\u010delem n\u00e1v\u0161t\u011bv (exkurz\u00ed) do v\u00fdrobn\u00edch, technologick\u00fdch a provozn\u00edch prostor, za\u0159\u00edzen\u00ed a objekt\u016f organizace, \u017ee s t\u011bmito <a href=\"\/mevakvr\/wp-content\/uploads\/2023\/01\/Pouceni-o-BOZPPO-a-OZP-navstevy.pdf\">bezpe\u010dnostn\u00edmi riziky a opat\u0159en\u00edmi<\/a> souhlas\u00edme, \u017ee jim rozum\u00edme a zavazujeme se k jejich pln\u011bn\u00ed.<\/span><\/label><\/span><\/span><\/span><\/div>\n<div class=\"flexpotvrzeni\"><span class=\"wpcf7-form-control-wrap\" data-name=\"potvrzeni\"><span class=\"wpcf7-form-control wpcf7-acceptance\"><span class=\"wpcf7-list-item\"><label><input type=\"checkbox\" name=\"potvrzeni\" value=\"1\" aria-invalid=\"false\" \/><span class=\"wpcf7-list-item-label\">Potvrzujeme, \u017ee jsme se sezn\u00e1mili s informac\u00ed <a href=\"\/mevakvr\/zasady-ochrany-osobnich-udaju\/\">o zpracov\u00e1n\u00ed osobn\u00edch \u00fadaj\u016f<\/a>.<\/span><\/label><\/span><\/span><\/span><\/div>\n<\/div>\n\n<div class=\"col-xs-12 col-sm-6 contact_item\">\n    \n<\/div>\n\n<div class=\"col-xs-12 col-sm-6 contact_item\">\n    <input class=\"wpcf7-form-control wpcf7-submit has-spinner\" type=\"submit\" value=\"Odeslat\" \/>\n<\/div>\n<\/form>\n<\/div>\n<\/div>\n","protected":false},"excerpt":{"rendered":"","protected":false},"author":1,"featured_media":0,"parent":0,"menu_order":0,"comment_status":"closed","ping_status":"closed","template":"","meta":{"footnotes":""},"class_list":["post-128","page","type-page","status-publish","hentry"],"_links":{"self":[{"href":"https:\/\/www.interaktivni-formulare.cz\/mevakvr\/wp-json\/wp\/v2\/pages\/128","targetHints":{"allow":["GET"]}}],"collection":[{"href":"https:\/\/www.interaktivni-formulare.cz\/mevakvr\/wp-json\/wp\/v2\/pages"}],"about":[{"href":"https:\/\/www.interaktivni-formulare.cz\/mevakvr\/wp-json\/wp\/v2\/types\/page"}],"author":[{"embeddable":true,"href":"https:\/\/www.interaktivni-formulare.cz\/mevakvr\/wp-json\/wp\/v2\/users\/1"}],"replies":[{"embeddable":true,"href":"https:\/\/www.interaktivni-formulare.cz\/mevakvr\/wp-json\/wp\/v2\/comments?post=128"}],"version-history":[{"count":2,"href":"https:\/\/www.interaktivni-formulare.cz\/mevakvr\/wp-json\/wp\/v2\/pages\/128\/revisions"}],"predecessor-version":[{"id":272,"href":"https:\/\/www.interaktivni-formulare.cz\/mevakvr\/wp-json\/wp\/v2\/pages\/128\/revisions\/272"}],"wp:attachment":[{"href":"https:\/\/www.interaktivni-formulare.cz\/mevakvr\/wp-json\/wp\/v2\/media?parent=128"}],"curies":[{"name":"wp","href":"https:\/\/api.w.org\/{rel}","templated":true}]}}