{"id":97,"date":"2022-08-21T11:29:21","date_gmt":"2022-08-21T09:29:21","guid":{"rendered":"https:\/\/www.interaktivni-formulare.cz\/mevakvr\/?page_id=97"},"modified":"2022-11-26T13:18:48","modified_gmt":"2022-11-26T12:18:48","slug":"dodavka-pitne-vody-z-vodovodu-odvadeni-odpadnich-vod-do-kanalizace","status":"publish","type":"page","link":"https:\/\/www.interaktivni-formulare.cz\/mevakvr\/dodavka-pitne-vody-z-vodovodu-odvadeni-odpadnich-vod-do-kanalizace\/","title":{"rendered":"Dod\u00e1vka pitn\u00e9 vody z vodovodu \/ odv\u00e1d\u011bn\u00ed odpadn\u00edch vod do kanalizace"},"content":{"rendered":"\n<div class=\"wp-block-contact-form-7-contact-form-selector\">\n<div class=\"wpcf7 no-js\" id=\"wpcf7-f99-o1\" lang=\"cs-CZ\" dir=\"ltr\" data-wpcf7-id=\"99\">\n<div class=\"screen-reader-response\"><p role=\"status\" aria-live=\"polite\" aria-atomic=\"true\"><\/p> <ul><\/ul><\/div>\n<form action=\"\/mevakvr\/wp-json\/wp\/v2\/pages\/97#wpcf7-f99-o1\" method=\"post\" class=\"wpcf7-form init\" aria-label=\"Kontaktn\u00ed formul\u00e1\u0159\" novalidate=\"novalidate\" data-status=\"init\">\n<fieldset class=\"hidden-fields-container\"><input type=\"hidden\" name=\"_wpcf7\" value=\"99\" \/><input type=\"hidden\" name=\"_wpcf7_version\" value=\"6.1.5\" \/><input type=\"hidden\" name=\"_wpcf7_locale\" value=\"cs_CZ\" \/><input type=\"hidden\" name=\"_wpcf7_unit_tag\" value=\"wpcf7-f99-o1\" \/><input type=\"hidden\" name=\"_wpcf7_container_post\" value=\"0\" \/><input type=\"hidden\" name=\"_wpcf7_posted_data_hash\" value=\"\" \/><input type=\"hidden\" name=\"_wpcf7cf_hidden_group_fields\" value=\"[]\" \/><input type=\"hidden\" name=\"_wpcf7cf_hidden_groups\" value=\"[]\" \/><input type=\"hidden\" name=\"_wpcf7cf_visible_groups\" value=\"[]\" \/><input type=\"hidden\" name=\"_wpcf7cf_repeaters\" value=\"[]\" \/><input type=\"hidden\" name=\"_wpcf7cf_steps\" value=\"{}\" \/><input type=\"hidden\" name=\"_wpcf7cf_options\" value=\"{&quot;form_id&quot;:99,&quot;conditions&quot;:[{&quot;then_field&quot;:&quot;dodavka_extra&quot;,&quot;and_rules&quot;:[{&quot;if_field&quot;:&quot;dodavka_pitne_vody&quot;,&quot;operator&quot;:&quot;not empty&quot;,&quot;if_value&quot;:&quot;&quot;}]},{&quot;then_field&quot;:&quot;odvadeni_extra&quot;,&quot;and_rules&quot;:[{&quot;if_field&quot;:&quot;odvadeni_odpadnich&quot;,&quot;operator&quot;:&quot;not empty&quot;,&quot;if_value&quot;:&quot;&quot;}]},{&quot;then_field&quot;:&quot;srazkova_extra&quot;,&quot;and_rules&quot;:[{&quot;if_field&quot;:&quot;vyuziti_odber&quot;,&quot;operator&quot;:&quot;equals&quot;,&quot;if_value&quot;:&quot;P\\u0159ipojen\\u00e1 stavba \\\/ pozemek vyu\\u017e\\u00edvan\\u00fd ke komer\\u010dn\\u00edm \\u00fa\\u010del\\u016fm&quot;},{&quot;if_field&quot;:&quot;zpusob_odvadeni&quot;,&quot;operator&quot;:&quot;equals&quot;,&quot;if_value&quot;:&quot;Do kanalizace&quot;}]},{&quot;then_field&quot;:&quot;srazkova_extra&quot;,&quot;and_rules&quot;:[{&quot;if_field&quot;:&quot;vyuziti_odber&quot;,&quot;operator&quot;:&quot;equals&quot;,&quot;if_value&quot;:&quot;P\\u0159ipojen\\u00e1 stavba \\\/ pozemek ke kombinovan\\u00fdm \\u00fa\\u010del\\u016fm&quot;},{&quot;if_field&quot;:&quot;zpusob_odvadeni&quot;,&quot;operator&quot;:&quot;equals&quot;,&quot;if_value&quot;:&quot;Do kanalizace&quot;}]},{&quot;then_field&quot;:&quot;extra&quot;,&quot;and_rules&quot;:[{&quot;if_field&quot;:&quot;vyuziti_odber&quot;,&quot;operator&quot;:&quot;equals&quot;,&quot;if_value&quot;:&quot;P\\u0159ipojen\\u00e1 stavba \\\/ pozemek vyu\\u017e\\u00edvan\\u00fd ke komer\\u010dn\\u00edm \\u00fa\\u010del\\u016fm&quot;}]},{&quot;then_field&quot;:&quot;extra&quot;,&quot;and_rules&quot;:[{&quot;if_field&quot;:&quot;vyuziti_odber&quot;,&quot;operator&quot;:&quot;equals&quot;,&quot;if_value&quot;:&quot;P\\u0159ipojen\\u00e1 stavba \\\/ pozemek ke kombinovan\\u00fdm \\u00fa\\u010del\\u016fm&quot;}]}],&quot;settings&quot;:{&quot;animation&quot;:&quot;yes&quot;,&quot;animation_intime&quot;:200,&quot;animation_outtime&quot;:200,&quot;conditions_ui&quot;:&quot;normal&quot;,&quot;notice_dismissed&quot;:true}}\" \/>\n<\/fieldset>\n<div class=\"wpcf7-turnstile cf-turnstile\" data-sitekey=\"0x4AAAAAACuHYMOHG8zefOXx\" data-response-field-name=\"_wpcf7_turnstile_response\"><\/div>\n\n<div class=\"block_kontakt\">\n    \n<div class=\"col-xs-12\"><h3>\u00dadaje o p\u0159ipojen\u00e9 stavb\u011b \/ pozemku<\/h3><\/div>\n\n<div class=\"col-xs-12 col-sm-6 contact_item\">\n<label>Vyu\u017eit\u00ed p\u0159ipojen\u00e9 stavby \/ pozemku: <span class=\"znak\">*<\/span>\n    <div class=\"selectwrap\"><span class=\"wpcf7-form-control-wrap\" data-name=\"vyuziti_odber\"><select class=\"wpcf7-form-control wpcf7-select wpcf7-validates-as-required\" aria-required=\"true\" aria-invalid=\"false\" name=\"vyuziti_odber\"><option value=\"P\u0159ipojen\u00e1 stavba \/ pozemek bude slou\u017eit k trval\u00e9mu bydlen\u00ed\">P\u0159ipojen\u00e1 stavba \/ pozemek bude slou\u017eit k trval\u00e9mu bydlen\u00ed<\/option><option value=\"P\u0159ipojen\u00e1 stavba \/ pozemek vyu\u017e\u00edvan\u00fd ke komer\u010dn\u00edm \u00fa\u010del\u016fm\">P\u0159ipojen\u00e1 stavba \/ pozemek vyu\u017e\u00edvan\u00fd ke komer\u010dn\u00edm \u00fa\u010del\u016fm<\/option><option value=\"P\u0159ipojen\u00e1 stavba \/ pozemek ke kombinovan\u00fdm \u00fa\u010del\u016fm\">P\u0159ipojen\u00e1 stavba \/ pozemek ke kombinovan\u00fdm \u00fa\u010del\u016fm<\/option><\/select><\/span> <\/div> <\/label>\n<\/div>\n\n<div class=\"col-xs-12 col-sm-6 contact_item\">\n<label>Zp\u016fsob odv\u00e1d\u011bn\u00ed sr\u00e1\u017ekov\u00fdch vod ze stavby \/ pozemku: <span class=\"znak\">*<\/span>\n    <div class=\"selectwrap\"><span class=\"wpcf7-form-control-wrap\" data-name=\"zpusob_odvadeni\"><select class=\"wpcf7-form-control wpcf7-select wpcf7-validates-as-required\" aria-required=\"true\" aria-invalid=\"false\" name=\"zpusob_odvadeni\"><option value=\"Vsakov\u00e1n\u00ed\">Vsakov\u00e1n\u00ed<\/option><option value=\"Retence\">Retence<\/option><option value=\"Do kanalizace\">Do kanalizace<\/option><\/select><\/span> <\/div> <\/label>\n<\/div>\n\n<div class=\"col-xs-12 col-sm-3 contact_item\">\n<label>Katastr\u00e1ln\u00ed \u00fazem\u00ed: <span class=\"znak\">*<\/span>\n    <div class=\"selectwrap\"><span class=\"wpcf7-form-control-wrap\" data-name=\"katastralni_uzemi\"><select class=\"wpcf7-form-control wpcf7-select wpcf7-validates-as-required\" aria-required=\"true\" aria-invalid=\"false\" name=\"katastralni_uzemi\"><option value=\"Vrchlab\u00ed\">Vrchlab\u00ed<\/option><option value=\"Ho\u0159ej\u0161\u00ed Vrchlab\u00ed\">Ho\u0159ej\u0161\u00ed Vrchlab\u00ed<\/option><option value=\"Podh\u016f\u0159\u00ed - Harta\">Podh\u016f\u0159\u00ed - Harta<\/option><\/select><\/span> <\/div> <\/label>\n<\/div>\n\n<div class=\"col-xs-12 col-sm-3 contact_item\">\n<label>Ulice: <span class=\"znak\">*<\/span>\n    <span class=\"wpcf7-form-control-wrap\" data-name=\"ulice\"><input size=\"40\" maxlength=\"400\" class=\"wpcf7-form-control wpcf7-text wpcf7-validates-as-required\" aria-required=\"true\" aria-invalid=\"false\" value=\"\" type=\"text\" name=\"ulice\" \/><\/span> <\/label>\n<\/div>\n\n<div class=\"col-xs-12 col-sm-3 contact_item\">\n<label>\u010c\u00edslo popisn\u00e9 (stavebn\u00ed parcela): <span class=\"znak\">*<\/span>\n    <span class=\"wpcf7-form-control-wrap\" data-name=\"cislo_popisne\"><input size=\"40\" maxlength=\"400\" class=\"wpcf7-form-control wpcf7-text wpcf7-validates-as-required\" aria-required=\"true\" aria-invalid=\"false\" value=\"\" type=\"text\" name=\"cislo_popisne\" \/><\/span> <\/label>\n<\/div>\n\n<div class=\"col-xs-12 col-sm-3 contact_item\">\n<label>Po\u010det trvale p\u0159ihl\u00e1\u0161en\u00fdch osob: <span class=\"znak\">*<\/span>\n    <span class=\"wpcf7-form-control-wrap\" data-name=\"pocet_osob\"><input class=\"wpcf7-form-control wpcf7-number wpcf7-validates-as-required wpcf7-validates-as-number\" min=\"1\" aria-required=\"true\" aria-invalid=\"false\" value=\"\" type=\"number\" name=\"pocet_osob\" \/><\/span> <\/label>\n<\/div>\n\n<div class=\"col-xs-12 col-sm-6 contact_item\">\n<label>Profil vodovodn\u00ed p\u0159ipojky:\n    <span class=\"wpcf7-form-control-wrap\" data-name=\"od_profil_vodo\"><input size=\"40\" maxlength=\"400\" class=\"wpcf7-form-control wpcf7-text\" aria-invalid=\"false\" value=\"\" type=\"text\" name=\"od_profil_vodo\" \/><\/span> <\/label>\n<\/div>\n    \n<div class=\"col-xs-12 col-sm-6 contact_item\">\n<label>Materi\u00e1l vodovodn\u00ed p\u0159ipojky:\n    <span class=\"wpcf7-form-control-wrap\" data-name=\"od_material_vodo\"><input size=\"40\" maxlength=\"400\" class=\"wpcf7-form-control wpcf7-text\" aria-invalid=\"false\" value=\"\" type=\"text\" name=\"od_material_vodo\" \/><\/span> <\/label>\n<\/div>\n    \n<div class=\"col-xs-12 col-sm-6 contact_item\">\n<label>Profil kanaliza\u010dn\u00ed p\u0159ipojky:\n    <span class=\"wpcf7-form-control-wrap\" data-name=\"od_profil_kana\"><input size=\"40\" maxlength=\"400\" class=\"wpcf7-form-control wpcf7-text\" aria-invalid=\"false\" value=\"\" type=\"text\" name=\"od_profil_kana\" \/><\/span> <\/label>\n<\/div>\n    \n<div class=\"col-xs-12 col-sm-6 contact_item\">\n<label>Materi\u00e1l kanaliza\u010dn\u00ed p\u0159ipojky:\n    <span class=\"wpcf7-form-control-wrap\" data-name=\"od_material_kana\"><input size=\"40\" maxlength=\"400\" class=\"wpcf7-form-control wpcf7-text\" aria-invalid=\"false\" value=\"\" type=\"text\" name=\"od_material_kana\" \/><\/span> <\/label>\n<\/div>\n    \n<\/div>\n\n<div class=\"block_kontakt check_style\">\n    \n<div class=\"col-xs-12\"><h3>Druh slu\u017eby<\/h3><\/div>\n\n<div class=\"col-xs-12\">\n    <span class=\"wpcf7-form-control-wrap\" data-name=\"dodavka_pitne_vody\"><span class=\"wpcf7-form-control wpcf7-checkbox\"><span class=\"wpcf7-list-item first last\"><label><input type=\"checkbox\" name=\"dodavka_pitne_vody[]\" value=\"Dod\u00e1vka  pitn\u00e9 vody z vodovodu pro ve\u0159ejnou pot\u0159ebu.\" \/><span class=\"wpcf7-list-item-label\">Dod\u00e1vka  pitn\u00e9 vody z vodovodu pro ve\u0159ejnou pot\u0159ebu.<\/span><\/label><\/span><\/span><\/span>\n<\/div>\n    \n<div data-id=\"dodavka_extra\" data-orig_data_id=\"dodavka_extra\"  class=\"\" data-class=\"wpcf7cf_group\">\n<div class=\"col-xs-12\">\n    <div class=\"checkbox_navic\"><span class=\"wpcf7-form-control-wrap\" data-name=\"dodavka_pitne_podrobnosti\"><span class=\"wpcf7-form-control wpcf7-checkbox\"><span class=\"wpcf7-list-item first\"><label><input type=\"checkbox\" name=\"dodavka_pitne_podrobnosti[]\" value=\"M\u011b\u0159en\u00e1 stanoven\u00fdm m\u011b\u0159idlem (vodom\u011brem).\" \/><span class=\"wpcf7-list-item-label\">M\u011b\u0159en\u00e1 stanoven\u00fdm m\u011b\u0159idlem (vodom\u011brem).<\/span><\/label><\/span><span class=\"wpcf7-list-item last\"><label><input type=\"checkbox\" name=\"dodavka_pitne_podrobnosti[]\" value=\"Dod\u00e1van\u00e1 na z\u00e1klad\u011b sm\u011brn\u00e9ho \u010d\u00edsla dle p\u0159. \u010d.12 vyhl\u00e1\u0161ky \u010d.428\/2001 Sb.\" \/><span class=\"wpcf7-list-item-label\">Dod\u00e1van\u00e1 na z\u00e1klad\u011b sm\u011brn\u00e9ho \u010d\u00edsla dle p\u0159. \u010d.12 vyhl\u00e1\u0161ky \u010d.428\/2001 Sb.<\/span><\/label><\/span><\/span><\/span><\/div>\n<\/div>    \n<\/div>\n    \n<div class=\"col-xs-12\">\n    <span class=\"wpcf7-form-control-wrap\" data-name=\"odvadeni_odpadnich\"><span class=\"wpcf7-form-control wpcf7-checkbox\"><span class=\"wpcf7-list-item first last\"><label><input type=\"checkbox\" name=\"odvadeni_odpadnich[]\" value=\"Odv\u00e1d\u011bn\u00ed odpadn\u00edch vod do kanalizace pro ve\u0159ejnou pot\u0159ebu.\" \/><span class=\"wpcf7-list-item-label\">Odv\u00e1d\u011bn\u00ed odpadn\u00edch vod do kanalizace pro ve\u0159ejnou pot\u0159ebu.<\/span><\/label><\/span><\/span><\/span>\n<\/div>\n\n<div data-id=\"odvadeni_extra\" data-orig_data_id=\"odvadeni_extra\"  class=\"\" data-class=\"wpcf7cf_group\">\n<div class=\"checkbox_navic\"><span class=\"wpcf7-form-control-wrap\" data-name=\"odvadeni_odpadnich_podrobnosti\"><span class=\"wpcf7-form-control wpcf7-checkbox\"><span class=\"wpcf7-list-item first\"><label><input type=\"checkbox\" name=\"odvadeni_odpadnich_podrobnosti[]\" value=\"Mno\u017estv\u00ed odv\u00e1d\u011bn\u00fdch vod m\u011b\u0159en\u00e9 stanoven\u00fdm m\u011b\u0159idlem (vodom\u011brem).\" \/><span class=\"wpcf7-list-item-label\">Mno\u017estv\u00ed odv\u00e1d\u011bn\u00fdch vod m\u011b\u0159en\u00e9 stanoven\u00fdm m\u011b\u0159idlem (vodom\u011brem).<\/span><\/label><\/span><span class=\"wpcf7-list-item last\"><label><input type=\"checkbox\" name=\"odvadeni_odpadnich_podrobnosti[]\" value=\"Dle sm\u011brn\u00e9ho \u010d\u00edsla dod\u00e1van\u00e9 pitn\u00e9 vody (dle p\u0159. \u010d.12 vyhl\u00e1\u0161ky \u010d.428\/2001 Sb.)\" \/><span class=\"wpcf7-list-item-label\">Dle sm\u011brn\u00e9ho \u010d\u00edsla dod\u00e1van\u00e9 pitn\u00e9 vody (dle p\u0159. \u010d.12 vyhl\u00e1\u0161ky \u010d.428\/2001 Sb.)<\/span><\/label><\/span><\/span><\/span>\n    <div class=\"col-xs-12 col-sm-6\">\n        <label>Jin\u00fdm stanoven\u00fdm m\u011b\u0159idlem:\n        <span class=\"wpcf7-form-control-wrap\" data-name=\"jinym_stanovenym_meridlem\"><input size=\"40\" maxlength=\"400\" class=\"wpcf7-form-control wpcf7-text\" aria-invalid=\"false\" value=\"\" type=\"text\" name=\"jinym_stanovenym_meridlem\" \/><\/span> <\/label>\n    <\/div>\n<\/div>\n<\/div>\n\n<div data-id=\"srazkova_extra\" data-orig_data_id=\"srazkova_extra\"  class=\"\" data-class=\"wpcf7cf_group\">\n<div class=\"col-xs-12\">\n    <span class=\"wpcf7-form-control-wrap\" data-name=\"srazkove_vody\"><span class=\"wpcf7-form-control wpcf7-checkbox\"><span class=\"wpcf7-list-item first last\"><label><input type=\"checkbox\" name=\"srazkove_vody[]\" value=\"Odv\u00e1d\u011bn\u00ed sr\u00e1\u017ekov\u00fdch vod do kanalizace pro ve\u0159ejnou pot\u0159ebu.\" \/><span class=\"wpcf7-list-item-label\">Odv\u00e1d\u011bn\u00ed sr\u00e1\u017ekov\u00fdch vod do kanalizace pro ve\u0159ejnou pot\u0159ebu.<\/span><\/label><\/span><\/span><\/span>\n<\/div>\n<\/div>    \n<\/div>\n\n<div class=\"block_kontakt\">\n\n<div class=\"col-xs-12\"><h3>\u00dadaje o odb\u011brateli (vlastn\u00edkovi p\u0159ipojen\u00e9 stavby \/ pozemku)<\/h3><\/div>\n    \n<div class=\"col-xs-12 col-sm-6 contact_item\">\n<label>Jm\u00e9no a p\u0159\u00edjmen\u00ed \/ Organizace: <span class=\"znak\">*<\/span>\n    <span class=\"wpcf7-form-control-wrap\" data-name=\"od_jmeno\"><input size=\"40\" maxlength=\"400\" class=\"wpcf7-form-control wpcf7-text wpcf7-validates-as-required\" aria-required=\"true\" aria-invalid=\"false\" value=\"\" type=\"text\" name=\"od_jmeno\" \/><\/span> <\/label>\n<\/div>\n    \n<div class=\"col-xs-12 col-sm-6 contact_item\">\n<label>Zastupuj\u00edc\u00ed osoba na z\u00e1kladn\u011b pln\u00e9 moci \/ pov\u011b\u0159en\u00ed:\n    <span class=\"wpcf7-form-control-wrap\" data-name=\"od_plna_moc\"><input size=\"40\" maxlength=\"400\" class=\"wpcf7-form-control wpcf7-text\" aria-invalid=\"false\" value=\"\" type=\"text\" name=\"od_plna_moc\" \/><\/span> <\/label>\n<\/div>\n\n<div class=\"col-xs-12 col-sm-6 contact_item\">\n<label>Adresa: <span class=\"znak\">*<\/span>\n    <span class=\"wpcf7-form-control-wrap\" data-name=\"od_adresa\"><input size=\"40\" maxlength=\"400\" class=\"wpcf7-form-control wpcf7-text wpcf7-validates-as-required\" aria-required=\"true\" aria-invalid=\"false\" value=\"\" type=\"text\" name=\"od_adresa\" \/><\/span> <\/label>\n<\/div>\n\n<div class=\"col-xs-12 col-sm-6 contact_item\">\n<label>Faktura\u010dn\u00ed adresa:\n    <span class=\"wpcf7-form-control-wrap\" data-name=\"od_fakturacni\"><input size=\"40\" maxlength=\"400\" class=\"wpcf7-form-control wpcf7-text\" aria-invalid=\"false\" value=\"\" type=\"text\" name=\"od_fakturacni\" \/><\/span> <\/label>\n<\/div>\n\n<div class=\"col-xs-12 col-sm-6 contact_item\">\n<label>E-mail:\n    <span class=\"wpcf7-form-control-wrap\" data-name=\"od_email\"><input size=\"40\" maxlength=\"400\" class=\"wpcf7-form-control wpcf7-email wpcf7-text wpcf7-validates-as-email\" aria-invalid=\"false\" value=\"\" type=\"email\" name=\"od_email\" \/><\/span> <\/label>\n<\/div>\n\n<div class=\"col-xs-12 col-sm-3 contact_item\">\n<label>Telefon: <span class=\"znak\">*<\/span>\n    <span class=\"wpcf7-form-control-wrap\" data-name=\"od_telefon\"><input size=\"40\" maxlength=\"400\" class=\"wpcf7-form-control wpcf7-tel wpcf7-validates-as-required wpcf7-text wpcf7-validates-as-tel\" aria-required=\"true\" aria-invalid=\"false\" value=\"\" type=\"tel\" name=\"od_telefon\" \/><\/span> <\/label>\n<\/div>\n\n<div class=\"col-xs-12 col-sm-3 contact_item\">\n<label>I\u010cO \/ Datum narozen\u00ed: <span class=\"znak\">*<\/span>\n    <span class=\"wpcf7-form-control-wrap\" data-name=\"od_icodatum\"><input size=\"40\" maxlength=\"400\" class=\"wpcf7-form-control wpcf7-text wpcf7-validates-as-required\" aria-required=\"true\" aria-invalid=\"false\" value=\"\" type=\"text\" name=\"od_icodatum\" \/><\/span> <\/label>\n<\/div>\n    \n<div class=\"col-xs-12 col-sm-6 contact_item\">\n<label>Zp\u016fsob zas\u00edl\u00e1n\u00ed da\u0148ov\u00fdch doklad\u016f:\n    <div class=\"selectwrap\"><span class=\"wpcf7-form-control-wrap\" data-name=\"zpusob_zasilani\"><select class=\"wpcf7-form-control wpcf7-select wpcf7-validates-as-required\" aria-required=\"true\" aria-invalid=\"false\" name=\"zpusob_zasilani\"><option value=\"\">&#8212;Zvolte pros\u00edm mo\u017enost&#8212;<\/option><option value=\"Na adresu odb\u011bratele\">Na adresu odb\u011bratele<\/option><option value=\"Na e-mail odb\u011bratele\">Na e-mail odb\u011bratele<\/option><\/select><\/span><\/div>\n<\/label>\n<\/div>\n    \n<\/div>\n\n<div data-id=\"extra\" data-orig_data_id=\"extra\"  class=\"\" data-class=\"wpcf7cf_group\">\n<div class=\"block_kontakt\">\n    \n<div class=\"col-xs-12\">\n    <h3>\u00dadaje pro v\u00fdpo\u010det mno\u017estv\u00ed odv\u00e1d\u011bn\u00fdch sr\u00e1\u017ekov\u00fdch vod do kanalizace<\/h3>\n    <span class=\"nobold\">V\u00fdpo\u010det mno\u017estv\u00ed je proveden dle metodiky v p\u0159\u00edloze \u010d.16 k vyhl\u00e1\u0161ce \u010d.428\/2001 Sb.<\/span>\n<\/div>\n    \n<\/div>\n\n<div class=\"block_kontakt\">\n    \n<div class=\"col-xs-12\"><h3>Druhy ploch, ze kter\u00fdch jsou odveden\u00e9 sr\u00e1\u017ekov\u00e9 vody do kanalizace:<\/h3><\/div>\n    \n<div class=\"col-xs-12 col-sm-6 col-md-4 contact_item\">\n<label><span class=\"bold\">Zpevn\u011bn\u00e9 plochy:<\/span> (m<sup>2<\/sup>):<br>st\u0159echy, asfalt, beton, z\u00e1mkov\u00e1 dla\u017eba\n    <span class=\"wpcf7-form-control-wrap\" data-name=\"zpevnene_plochy\"><input size=\"40\" maxlength=\"400\" class=\"wpcf7-form-control wpcf7-text\" aria-invalid=\"false\" value=\"\" type=\"text\" name=\"zpevnene_plochy\" \/><\/span> <\/label>\n<\/div>\n    \n<div class=\"col-xs-12 col-sm-6 col-md-4 contact_item\">\n<label><span class=\"bold\">Lehce propustn\u00e9 plochy:<\/span> (m<sup>2<\/sup>):<br>\u0161t\u011brkov\u00e9 plochy\n    <span class=\"wpcf7-form-control-wrap\" data-name=\"lehce_propustne\"><input size=\"40\" maxlength=\"400\" class=\"wpcf7-form-control wpcf7-text\" aria-invalid=\"false\" value=\"\" type=\"text\" name=\"lehce_propustne\" \/><\/span> <\/label>\n<\/div>\n\n<div class=\"col-xs-12 col-sm-6 col-md-4 contact_item\">\n<label><span class=\"bold\">Plochy kryt\u00e9 vegetac\u00ed <\/span>(m<sup>2<\/sup>):<br>zatravn\u011bn\u00e9 plochy, sady, h\u0159i\u0161t\u011b, zahrady\n    <span class=\"wpcf7-form-control-wrap\" data-name=\"plochy_kryte\"><input size=\"40\" maxlength=\"400\" class=\"wpcf7-form-control wpcf7-text\" aria-invalid=\"false\" value=\"\" type=\"text\" name=\"plochy_kryte\" \/><\/span> <\/label>\n<\/div>\n\n<\/div>\n\n<div class=\"block_kontakt\">\n    \n<div class=\"col-xs-12\"><h3>Rozm\u011bry podlahov\u00fdch ploch pro bytov\u00e9 a nebytov\u00e9 pot\u0159eby:<\/h3><\/div>\n    \n<div class=\"col-xs-12 col-sm-6 col-md-4 contact_item\">\n<label><span class=\"bold\">Bytov\u00e9 podlahov\u00e9 plochy<\/span> (m<sup>2<\/sup>):\n    <span class=\"wpcf7-form-control-wrap\" data-name=\"bytove_podlahove\"><input size=\"40\" maxlength=\"400\" class=\"wpcf7-form-control wpcf7-text\" aria-invalid=\"false\" value=\"\" type=\"text\" name=\"bytove_podlahove\" \/><\/span> <\/label>\n<\/div>\n    \n<div class=\"col-xs-12 col-sm-6 col-md-4 contact_item\">\n<label><span class=\"bold\">Nebytov\u00e9 podlahov\u00e9 plochy<\/span> (m<sup>2<\/sup>):\n    <span class=\"wpcf7-form-control-wrap\" data-name=\"nebytove_podlahove\"><input size=\"40\" maxlength=\"400\" class=\"wpcf7-form-control wpcf7-text\" aria-invalid=\"false\" value=\"\" type=\"text\" name=\"nebytove_podlahove\" \/><\/span> <\/label>\n<\/div>\n\n<div class=\"col-xs-12 col-sm-6 col-md-4 contact_item\">\n<label><span class=\"bold\">Celkov\u00e9 podlahov\u00e9 plochy<\/span> (m<sup>2<\/sup>):\n    <span class=\"wpcf7-form-control-wrap\" data-name=\"celkove_podlahove\"><input size=\"40\" maxlength=\"400\" class=\"wpcf7-form-control wpcf7-text\" aria-invalid=\"false\" value=\"\" type=\"text\" name=\"celkove_podlahove\" \/><\/span> <\/label>\n<\/div>\n    \n<\/div>\n\n<\/div>\n\n<div class=\"block_kontakt\">\n\n<div class=\"col-xs-12\">\n<label>Pozn\u00e1mky:\n    <span class=\"wpcf7-form-control-wrap\" data-name=\"poznamky\"><textarea cols=\"40\" rows=\"10\" maxlength=\"2000\" class=\"wpcf7-form-control wpcf7-textarea\" aria-invalid=\"false\" name=\"poznamky\"><\/textarea><\/span> <\/label>\n<\/div>\n\n<\/div>\n    \n<div class=\"block_kontakt\">\n    \n<div class=\"col-xs-12\">\n    <p class=\"nobold\">Vypln\u011bn\u00edm t\u00e9to \u017e\u00e1dosti ud\u011bluje subjekt \u00fadaj\u016f (odb\u011bratel) spr\u00e1vci (dodavateli \u2013 M\u011bstsk\u00e9 vodovody a kanalizace Vrchlab\u00ed, p\u0159\u00edsp\u011bvkov\u00e1 organizace, N\u00e1dra\u017en\u00ed 832, 54301 Vrchlab\u00ed) souhlas s u\u017eit\u00edm osobn\u00edch \u00fadaj\u016f pro \u00fa\u010dely zpracov\u00e1n\u00ed n\u00e1vrhu smlouvy o dod\u00e1vce pitn\u00e9 vody\/odv\u00e1d\u011bn\u00ed odpadn\u00edch vod ve smyslu \u00a7 5 odst. 2 a 4 z\u00e1kona \u010d. 101\/2000 Sb., o ochran\u011b osobn\u00edch \u00fadaj\u016f a o zm\u011bn\u011b n\u011bkter\u00fdch z\u00e1kon\u016f, ve zn\u011bn\u00ed pozd\u011bj\u0161\u00edch p\u0159edpis\u016f. Tyto osobn\u00ed \u00fadaje je spr\u00e1vce opr\u00e1vn\u011bn zpracov\u00e1vat pro \u00fa\u010dely uzav\u0159en\u00ed smlouvy o dod\u00e1vce pitn\u00e9 vody\/odv\u00e1d\u011bn\u00ed odpadn\u00edch vod. Dle z\u00e1kona \u010d. 274\/2001 Sb. o vodovodech a kanalizac\u00edch je odb\u011bratelem vlastn\u00edk pozemku nebo stavby p\u0159ipojen\u00e9 na vodovod nebo kanalizaci. V p\u0159\u00edpad\u011b SJM se smlouva uzav\u00edr\u00e1 s kter\u00fdmkoliv man\u017eel\u016f, v p\u0159\u00edpad\u011b pod\u00edlov\u00e9ho spoluvlastnictv\u00ed se smlouva uzav\u00edr\u00e1 se zmocn\u011bn\u00fdm spoluvlastn\u00edkem.<\/p>\n<\/div>\n    \n<\/div>\n\n<div class=\"block_kontakt\">\n\n<div class=\"col-xs-12\">\n        <div class=\"wpcf7-response-output\" aria-hidden=\"true\"><\/div>\n<\/div>\n\n<div class=\"col-xs-12 col-sm-6 contact_item\">\n<div class=\"flexpotvrzeni\"><span class=\"wpcf7-form-control-wrap\" data-name=\"potvrzeni\"><span class=\"wpcf7-form-control wpcf7-acceptance\"><span class=\"wpcf7-list-item\"><label><input type=\"checkbox\" name=\"potvrzeni\" value=\"1\" aria-invalid=\"false\" \/><span class=\"wpcf7-list-item-label\">Potvrzujeme, \u017ee jsme se sezn\u00e1mili s informac\u00ed <a href=\"\/mevakvr\/zasady-ochrany-osobnich-udaju\/\">o zpracov\u00e1n\u00ed osobn\u00edch \u00fadaj\u016f<\/a>.<\/span><\/label><\/span><\/span><\/span><\/div>\n<\/div>\n\n<div class=\"col-xs-12 col-sm-6 contact_item\">\n<input class=\"wpcf7-form-control wpcf7-submit has-spinner\" type=\"submit\" value=\"Odeslat\" \/>\n<\/div>\n    \n<\/div>\n<\/form>\n<\/div>\n<\/div>\n","protected":false},"excerpt":{"rendered":"","protected":false},"author":1,"featured_media":0,"parent":0,"menu_order":0,"comment_status":"closed","ping_status":"closed","template":"","meta":{"footnotes":""},"class_list":["post-97","page","type-page","status-publish","hentry"],"_links":{"self":[{"href":"https:\/\/www.interaktivni-formulare.cz\/mevakvr\/wp-json\/wp\/v2\/pages\/97","targetHints":{"allow":["GET"]}}],"collection":[{"href":"https:\/\/www.interaktivni-formulare.cz\/mevakvr\/wp-json\/wp\/v2\/pages"}],"about":[{"href":"https:\/\/www.interaktivni-formulare.cz\/mevakvr\/wp-json\/wp\/v2\/types\/page"}],"author":[{"embeddable":true,"href":"https:\/\/www.interaktivni-formulare.cz\/mevakvr\/wp-json\/wp\/v2\/users\/1"}],"replies":[{"embeddable":true,"href":"https:\/\/www.interaktivni-formulare.cz\/mevakvr\/wp-json\/wp\/v2\/comments?post=97"}],"version-history":[{"count":1,"href":"https:\/\/www.interaktivni-formulare.cz\/mevakvr\/wp-json\/wp\/v2\/pages\/97\/revisions"}],"predecessor-version":[{"id":286,"href":"https:\/\/www.interaktivni-formulare.cz\/mevakvr\/wp-json\/wp\/v2\/pages\/97\/revisions\/286"}],"wp:attachment":[{"href":"https:\/\/www.interaktivni-formulare.cz\/mevakvr\/wp-json\/wp\/v2\/media?parent=97"}],"curies":[{"name":"wp","href":"https:\/\/api.w.org\/{rel}","templated":true}]}}